{"id":235,"date":"2025-01-20T01:47:12","date_gmt":"2025-01-20T01:47:12","guid":{"rendered":"https:\/\/giacomospizzeria.com\/?page_id=235"},"modified":"2025-03-21T14:35:36","modified_gmt":"2025-03-21T14:35:36","slug":"blogs","status":"publish","type":"page","link":"https:\/\/giacomospizzeria.com\/es\/blogs\/","title":{"rendered":"BLOGS"},"content":{"rendered":"<div data-elementor-type=\"wp-page\" data-elementor-id=\"235\" class=\"elementor elementor-235\" data-elementor-post-type=\"page\">\n\t\t\t\t<div class=\"elementor-element elementor-element-051419b e-con-full e-flex e-con e-parent\" data-id=\"051419b\" data-element_type=\"container\">\n\t\t\t\t<div class=\"elementor-element elementor-element-d18d59a elementor-widget elementor-widget-template\" data-id=\"d18d59a\" data-element_type=\"widget\" data-widget_type=\"template.default\">\n\t\t\t\t<div class=\"elementor-widget-container\">\n\t\t\t\t\t\t\t<div class=\"elementor-template\">\n\t\t\t\t\t<div data-elementor-type=\"container\" data-elementor-id=\"165\" class=\"elementor elementor-165\" data-elementor-post-type=\"elementor_library\">\n\t\t\t\t<div class=\"elementor-element elementor-element-667248a e-flex e-con-boxed e-con e-parent\" data-id=\"667248a\" data-element_type=\"container\" data-settings=\"{&quot;background_background&quot;:&quot;classic&quot;}\">\n\t\t\t\t\t<div class=\"e-con-inner\">\n\t\t\t\t<div class=\"elementor-element elementor-element-56fe5565 elementor-widget elementor-widget-heading\" data-id=\"56fe5565\" data-element_type=\"widget\" data-widget_type=\"heading.default\">\n\t\t\t\t<div class=\"elementor-widget-container\">\n\t\t\t\t\t<h2 class=\"elementor-heading-title elementor-size-default\">BLOGS<\/h2>\t\t\t\t<\/div>\n\t\t\t\t<\/div>\n\t\t\t\t\t<\/div>\n\t\t\t\t<\/div>\n\t\t\t\t<\/div>\n\t\t\t\t<\/div>\n\t\t\t\t\t\t<\/div>\n\t\t\t\t<\/div>\n\t\t\t\t<\/div>\n\t\t<div class=\"elementor-element elementor-element-384f5e4 e-flex e-con-boxed e-con e-parent\" data-id=\"384f5e4\" data-element_type=\"container\">\n\t\t\t\t\t<div class=\"e-con-inner\">\n\t\t\t\t<div class=\"elementor-element elementor-element-690dc9a elementor-grid-3 elementor-grid-tablet-2 elementor-grid-mobile-1 elementor-posts--thumbnail-top elementor-widget elementor-widget-posts\" data-id=\"690dc9a\" data-element_type=\"widget\" data-settings=\"{&quot;classic_columns&quot;:&quot;3&quot;,&quot;classic_columns_tablet&quot;:&quot;2&quot;,&quot;classic_columns_mobile&quot;:&quot;1&quot;,&quot;classic_row_gap&quot;:{&quot;unit&quot;:&quot;px&quot;,&quot;size&quot;:35,&quot;sizes&quot;:[]},&quot;classic_row_gap_tablet&quot;:{&quot;unit&quot;:&quot;px&quot;,&quot;size&quot;:&quot;&quot;,&quot;sizes&quot;:[]},&quot;classic_row_gap_mobile&quot;:{&quot;unit&quot;:&quot;px&quot;,&quot;size&quot;:&quot;&quot;,&quot;sizes&quot;:[]}}\" data-widget_type=\"posts.classic\">\n\t\t\t\t<div class=\"elementor-widget-container\">\n\t\t\t\t\t\t\t<div class=\"elementor-posts-container elementor-posts elementor-posts--skin-classic elementor-grid\">\n\t\t\t\t<article class=\"elementor-post elementor-grid-item post-1007 post type-post status-publish format-standard has-post-thumbnail hentry category-blog\">\n\t\t\t\t<a class=\"elementor-post__thumbnail__link\" href=\"https:\/\/giacomospizzeria.com\/es\/italian-ingredients-you-must-have-in-your-kitchen\/\" tabindex=\"-1\" >\n\t\t\t<div class=\"elementor-post__thumbnail\"><img fetchpriority=\"high\" decoding=\"async\" width=\"300\" height=\"219\" src=\"https:\/\/giacomospizzeria.com\/wp-content\/uploads\/2025\/02\/DSC00064-1-300x219.jpg\" class=\"attachment-medium size-medium wp-image-765\" alt=\"\" srcset=\"https:\/\/giacomospizzeria.com\/wp-content\/uploads\/2025\/02\/DSC00064-1-300x219.jpg 300w, https:\/\/giacomospizzeria.com\/wp-content\/uploads\/2025\/02\/DSC00064-1-768x562.jpg 768w, https:\/\/giacomospizzeria.com\/wp-content\/uploads\/2025\/02\/DSC00064-1.jpg 796w\" sizes=\"(max-width: 300px) 100vw, 300px\" \/><\/div>\n\t\t<\/a>\n\t\t\t\t<div class=\"elementor-post__text\">\n\t\t\t\t<h3 class=\"elementor-post__title\">\n\t\t\t<a href=\"https:\/\/giacomospizzeria.com\/es\/italian-ingredients-you-must-have-in-your-kitchen\/\" >\n\t\t\t\tIngredientes italianos que debes tener en tu cocina\t\t\t<\/a>\n\t\t<\/h3>\n\t\t\t\t<div class=\"elementor-post__meta-data\">\n\t\t\t\t\t<span class=\"elementor-post-author\">\n\t\t\tPizzer\u00eda de Giacomo\t\t<\/span>\n\t\t\t\t<span class=\"elementor-post-date\">\n\t\t\t9 de febrero de 2025\t\t<\/span>\n\t\t\t\t<\/div>\n\t\t\t\t<div class=\"elementor-post__excerpt\">\n\t\t\t<p>La cocina italiana es famosa en todo el mundo por sus sabores aut\u00e9nticos, ingredientes frescos y recetas tradicionales transmitidas de generaci\u00f3n en generaci\u00f3n. Si quieres recrear la magia de la comida italiana en casa, hay ciertos ingredientes esenciales que debes...<\/p>\n\t\t<\/div>\n\t\t\n\t\t<a class=\"elementor-post__read-more\" href=\"https:\/\/giacomospizzeria.com\/es\/italian-ingredients-you-must-have-in-your-kitchen\/\" aria-label=\"Read more about Italian Ingredients You Must Have in Your Kitchen\" tabindex=\"-1\" >\n\t\t\tLEER M\u00c1S &gt;&gt;\t\t<\/a>\n\n\t\t\t\t<\/div>\n\t\t\t\t<\/article>\n\t\t\t\t<article class=\"elementor-post elementor-grid-item post-930 post type-post status-publish format-standard has-post-thumbnail hentry category-blog\">\n\t\t\t\t<a class=\"elementor-post__thumbnail__link\" href=\"https:\/\/giacomospizzeria.com\/es\/the-most-popular-italian-dishes-around-the-world\/\" tabindex=\"-1\" >\n\t\t\t<div class=\"elementor-post__thumbnail\"><img decoding=\"async\" width=\"300\" height=\"225\" src=\"https:\/\/giacomospizzeria.com\/wp-content\/uploads\/2025\/02\/DSC00212-1-300x225.jpg\" class=\"attachment-medium size-medium wp-image-931\" alt=\"\" srcset=\"https:\/\/giacomospizzeria.com\/wp-content\/uploads\/2025\/02\/DSC00212-1-300x225.jpg 300w, https:\/\/giacomospizzeria.com\/wp-content\/uploads\/2025\/02\/DSC00212-1-1024x769.jpg 1024w, https:\/\/giacomospizzeria.com\/wp-content\/uploads\/2025\/02\/DSC00212-1-768x576.jpg 768w, https:\/\/giacomospizzeria.com\/wp-content\/uploads\/2025\/02\/DSC00212-1-1536x1153.jpg 1536w, https:\/\/giacomospizzeria.com\/wp-content\/uploads\/2025\/02\/DSC00212-1.jpg 1556w\" sizes=\"(max-width: 300px) 100vw, 300px\" \/><\/div>\n\t\t<\/a>\n\t\t\t\t<div class=\"elementor-post__text\">\n\t\t\t\t<h3 class=\"elementor-post__title\">\n\t\t\t<a href=\"https:\/\/giacomospizzeria.com\/es\/the-most-popular-italian-dishes-around-the-world\/\" >\n\t\t\t\tLos platos italianos m\u00e1s populares del mundo\t\t\t<\/a>\n\t\t<\/h3>\n\t\t\t\t<div class=\"elementor-post__meta-data\">\n\t\t\t\t\t<span class=\"elementor-post-author\">\n\t\t\tPizzer\u00eda de Giacomo\t\t<\/span>\n\t\t\t\t<span class=\"elementor-post-date\">\n\t\t\t9 de febrero de 2025\t\t<\/span>\n\t\t\t\t<\/div>\n\t\t\t\t<div class=\"elementor-post__excerpt\">\n\t\t\t<p>La cocina italiana es una de las m\u00e1s apreciadas y reconocidas a nivel mundial. Su combinaci\u00f3n de ingredientes frescos, recetas tradicionales y sabores aut\u00e9nticos la ha convertido en una de las favoritas en casi todos los pa\u00edses. En este art\u00edculo, exploramos algunas de sus...<\/p>\n\t\t<\/div>\n\t\t\n\t\t<a class=\"elementor-post__read-more\" href=\"https:\/\/giacomospizzeria.com\/es\/the-most-popular-italian-dishes-around-the-world\/\" aria-label=\"Read more about The Most Popular Italian Dishes Around the World\" tabindex=\"-1\" >\n\t\t\tLEER M\u00c1S &gt;&gt;\t\t<\/a>\n\n\t\t\t\t<\/div>\n\t\t\t\t<\/article>\n\t\t\t\t<article class=\"elementor-post elementor-grid-item post-928 post type-post status-publish format-standard has-post-thumbnail hentry category-blog\">\n\t\t\t\t<a class=\"elementor-post__thumbnail__link\" href=\"https:\/\/giacomospizzeria.com\/es\/why-giacomos-is-the-perfect-place-to-enjoy-with-family\/\" tabindex=\"-1\" >\n\t\t\t<div class=\"elementor-post__thumbnail\"><img decoding=\"async\" width=\"300\" height=\"225\" src=\"https:\/\/giacomospizzeria.com\/wp-content\/uploads\/2025\/01\/DSC00151-1-300x225.jpg\" class=\"attachment-medium size-medium wp-image-667\" alt=\"\" srcset=\"https:\/\/giacomospizzeria.com\/wp-content\/uploads\/2025\/01\/DSC00151-1-300x225.jpg 300w, https:\/\/giacomospizzeria.com\/wp-content\/uploads\/2025\/01\/DSC00151-1-1024x769.jpg 1024w, https:\/\/giacomospizzeria.com\/wp-content\/uploads\/2025\/01\/DSC00151-1-768x576.jpg 768w, https:\/\/giacomospizzeria.com\/wp-content\/uploads\/2025\/01\/DSC00151-1-1536x1153.jpg 1536w, https:\/\/giacomospizzeria.com\/wp-content\/uploads\/2025\/01\/DSC00151-1.jpg 1556w\" sizes=\"(max-width: 300px) 100vw, 300px\" \/><\/div>\n\t\t<\/a>\n\t\t\t\t<div class=\"elementor-post__text\">\n\t\t\t\t<h3 class=\"elementor-post__title\">\n\t\t\t<a href=\"https:\/\/giacomospizzeria.com\/es\/why-giacomos-is-the-perfect-place-to-enjoy-with-family\/\" >\n\t\t\t\tPor qu\u00e9 Giacomo&#039;s es el lugar perfecto para disfrutar en familia\t\t\t<\/a>\n\t\t<\/h3>\n\t\t\t\t<div class=\"elementor-post__meta-data\">\n\t\t\t\t\t<span class=\"elementor-post-author\">\n\t\t\tPizzer\u00eda de Giacomo\t\t<\/span>\n\t\t\t\t<span class=\"elementor-post-date\">\n\t\t\t8 de febrero de 2025\t\t<\/span>\n\t\t\t\t<\/div>\n\t\t\t\t<div class=\"elementor-post__excerpt\">\n\t\t\t<p>Cuando se trata de compartir una comida en familia, encontrar un lugar acogedor con un ambiente c\u00e1lido y un men\u00fa que agrade a todos puede ser un desaf\u00edo. En Giacomo&#039;s Pizzeria &amp; Italian Restaurant, entendemos la importancia<\/p>\n\t\t<\/div>\n\t\t\n\t\t<a class=\"elementor-post__read-more\" href=\"https:\/\/giacomospizzeria.com\/es\/why-giacomos-is-the-perfect-place-to-enjoy-with-family\/\" aria-label=\"Read more about Why Giacomo\u2019s is the Perfect Place to Enjoy with Family\" tabindex=\"-1\" >\n\t\t\tLEER M\u00c1S &gt;&gt;\t\t<\/a>\n\n\t\t\t\t<\/div>\n\t\t\t\t<\/article>\n\t\t\t\t<\/div>\n\t\t\n\t\t\t\t\t\t<\/div>\n\t\t\t\t<\/div>\n\t\t\t\t\t<\/div>\n\t\t\t\t<\/div>\n\t\t\t\t<\/div>","protected":false},"excerpt":{"rendered":"","protected":false},"author":2,"featured_media":0,"parent":0,"menu_order":0,"comment_status":"closed","ping_status":"closed","template":"","meta":{"_acf_changed":false,"footnotes":""},"class_list":["post-235","page","type-page","status-publish","hentry"],"acf":[],"yoast_head":"<!-- This site is optimized with the Yoast SEO plugin v27.2 - https:\/\/yoast.com\/product\/yoast-seo-wordpress\/ -->\n<title>BLOGS - Giacomo&#039;s Pizzeria And Italian Restaurant<\/title>\n<meta name=\"robots\" content=\"index, follow, max-snippet:-1, max-image-preview:large, max-video-preview:-1\" \/>\n<link rel=\"canonical\" href=\"https:\/\/giacomospizzeria.com\/es\/blogs\/\" \/>\n<meta property=\"og:locale\" content=\"es_MX\" \/>\n<meta property=\"og:type\" content=\"article\" \/>\n<meta property=\"og:title\" content=\"BLOGS - Giacomo&#039;s Pizzeria And Italian Restaurant\" \/>\n<meta property=\"og:url\" content=\"https:\/\/giacomospizzeria.com\/es\/blogs\/\" \/>\n<meta property=\"og:site_name\" content=\"Giacomo&#039;s Pizzeria And Italian Restaurant\" \/>\n<meta property=\"article:modified_time\" content=\"2025-03-21T14:35:36+00:00\" \/>\n<meta name=\"twitter:card\" content=\"summary_large_image\" \/>\n<meta name=\"twitter:label1\" content=\"Tiempo de lectura\" \/>\n\t<meta name=\"twitter:data1\" content=\"3 minutos\" \/>\n<script type=\"application\/ld+json\" class=\"yoast-schema-graph\">{\"@context\":\"https:\/\/schema.org\",\"@graph\":[{\"@type\":\"WebPage\",\"@id\":\"https:\/\/giacomospizzeria.com\/blogs\/\",\"url\":\"https:\/\/giacomospizzeria.com\/blogs\/\",\"name\":\"BLOGS - Giacomo&#039;s Pizzeria And Italian Restaurant\",\"isPartOf\":{\"@id\":\"https:\/\/giacomospizzeria.com\/#website\"},\"datePublished\":\"2025-01-20T01:47:12+00:00\",\"dateModified\":\"2025-03-21T14:35:36+00:00\",\"breadcrumb\":{\"@id\":\"https:\/\/giacomospizzeria.com\/blogs\/#breadcrumb\"},\"inLanguage\":\"es\",\"potentialAction\":[{\"@type\":\"ReadAction\",\"target\":[\"https:\/\/giacomospizzeria.com\/blogs\/\"]}]},{\"@type\":\"BreadcrumbList\",\"@id\":\"https:\/\/giacomospizzeria.com\/blogs\/#breadcrumb\",\"itemListElement\":[{\"@type\":\"ListItem\",\"position\":1,\"name\":\"Home\",\"item\":\"https:\/\/giacomospizzeria.com\/\"},{\"@type\":\"ListItem\",\"position\":2,\"name\":\"BLOGS\"}]},{\"@type\":\"WebSite\",\"@id\":\"https:\/\/giacomospizzeria.com\/#website\",\"url\":\"https:\/\/giacomospizzeria.com\/\",\"name\":\"Giacomo&#039;s Pizzeria And Italian Restaurant\",\"description\":\"Giacomo&#039;s Pizzeria &amp; Italian Restaurant \u2013 Casual, family-owned Italian restaurant serving NY Style pizza, pasta &amp; other familiar Italian dishes.\",\"potentialAction\":[{\"@type\":\"SearchAction\",\"target\":{\"@type\":\"EntryPoint\",\"urlTemplate\":\"https:\/\/giacomospizzeria.com\/?s={search_term_string}\"},\"query-input\":{\"@type\":\"PropertyValueSpecification\",\"valueRequired\":true,\"valueName\":\"search_term_string\"}}],\"inLanguage\":\"es\"}]}<\/script>\n<!-- \/ Yoast SEO plugin. -->","yoast_head_json":{"title":"BLOGS - Giacomo&#039;s Pizzeria And Italian Restaurant","robots":{"index":"index","follow":"follow","max-snippet":"max-snippet:-1","max-image-preview":"max-image-preview:large","max-video-preview":"max-video-preview:-1"},"canonical":"https:\/\/giacomospizzeria.com\/es\/blogs\/","og_locale":"es_MX","og_type":"article","og_title":"BLOGS - Giacomo&#039;s Pizzeria And Italian Restaurant","og_url":"https:\/\/giacomospizzeria.com\/es\/blogs\/","og_site_name":"Giacomo&#039;s Pizzeria And Italian Restaurant","article_modified_time":"2025-03-21T14:35:36+00:00","twitter_card":"summary_large_image","twitter_misc":{"Tiempo de lectura":"3 minutos"},"schema":{"@context":"https:\/\/schema.org","@graph":[{"@type":"WebPage","@id":"https:\/\/giacomospizzeria.com\/blogs\/","url":"https:\/\/giacomospizzeria.com\/blogs\/","name":"BLOGS - Giacomo&#039;s Pizzeria And Italian Restaurant","isPartOf":{"@id":"https:\/\/giacomospizzeria.com\/#website"},"datePublished":"2025-01-20T01:47:12+00:00","dateModified":"2025-03-21T14:35:36+00:00","breadcrumb":{"@id":"https:\/\/giacomospizzeria.com\/blogs\/#breadcrumb"},"inLanguage":"es","potentialAction":[{"@type":"ReadAction","target":["https:\/\/giacomospizzeria.com\/blogs\/"]}]},{"@type":"BreadcrumbList","@id":"https:\/\/giacomospizzeria.com\/blogs\/#breadcrumb","itemListElement":[{"@type":"ListItem","position":1,"name":"Home","item":"https:\/\/giacomospizzeria.com\/"},{"@type":"ListItem","position":2,"name":"BLOGS"}]},{"@type":"WebSite","@id":"https:\/\/giacomospizzeria.com\/#website","url":"https:\/\/giacomospizzeria.com\/","name":"Giacomo&#039;s Pizzeria And Italian Restaurant","description":"Giacomo&#039;s Pizzeria &amp; Italian Restaurant \u2013 Casual, family-owned Italian restaurant serving NY Style pizza, pasta &amp; other familiar Italian dishes.","potentialAction":[{"@type":"SearchAction","target":{"@type":"EntryPoint","urlTemplate":"https:\/\/giacomospizzeria.com\/?s={search_term_string}"},"query-input":{"@type":"PropertyValueSpecification","valueRequired":true,"valueName":"search_term_string"}}],"inLanguage":"es"}]}},"_links":{"self":[{"href":"https:\/\/giacomospizzeria.com\/es\/wp-json\/wp\/v2\/pages\/235","targetHints":{"allow":["GET"]}}],"collection":[{"href":"https:\/\/giacomospizzeria.com\/es\/wp-json\/wp\/v2\/pages"}],"about":[{"href":"https:\/\/giacomospizzeria.com\/es\/wp-json\/wp\/v2\/types\/page"}],"author":[{"embeddable":true,"href":"https:\/\/giacomospizzeria.com\/es\/wp-json\/wp\/v2\/users\/2"}],"replies":[{"embeddable":true,"href":"https:\/\/giacomospizzeria.com\/es\/wp-json\/wp\/v2\/comments?post=235"}],"version-history":[{"count":20,"href":"https:\/\/giacomospizzeria.com\/es\/wp-json\/wp\/v2\/pages\/235\/revisions"}],"predecessor-version":[{"id":1281,"href":"https:\/\/giacomospizzeria.com\/es\/wp-json\/wp\/v2\/pages\/235\/revisions\/1281"}],"wp:attachment":[{"href":"https:\/\/giacomospizzeria.com\/es\/wp-json\/wp\/v2\/media?parent=235"}],"curies":[{"name":"wp","href":"https:\/\/api.w.org\/{rel}","templated":true}]}}